

{"id":1884,"date":"2019-02-11T15:17:59","date_gmt":"2019-02-11T15:17:59","guid":{"rendered":"https:\/\/www.aveonalpha.com\/tourreport\/?page_id=1884"},"modified":"2021-04-15T12:23:54","modified_gmt":"2021-04-15T10:23:54","slug":"pyrenaeen-2016","status":"publish","type":"page","link":"https:\/\/aveon.ddns.net\/treport\/index.php\/pyrenaeen-2016\/","title":{"rendered":"Pyren\u00e4en 2016"},"content":{"rendered":"<h1 style=\"text-align: center;\">Vom Atlantik zum Mittelmeer.<\/h1>\n<p><\/p>\n<p><img decoding=\"async\" class=\"alignnone size-full wp-image-2077\" src=\"https:\/\/mytourdeforce.files.wordpress.com\/2019\/03\/56cec-pytour2016.jpg\" alt=\"PyTour2016\" width=\"1039\" height=\"421\" srcset=\"https:\/\/aveon.ddns.net\/treport\/wp-content\/uploads\/2019\/03\/56cec-pytour2016.jpg 1039w, https:\/\/aveon.ddns.net\/treport\/wp-content\/uploads\/2019\/03\/56cec-pytour2016-300x122.jpg 300w, https:\/\/aveon.ddns.net\/treport\/wp-content\/uploads\/2019\/03\/56cec-pytour2016-1024x415.jpg 1024w, https:\/\/aveon.ddns.net\/treport\/wp-content\/uploads\/2019\/03\/56cec-pytour2016-768x311.jpg 768w, https:\/\/aveon.ddns.net\/treport\/wp-content\/uploads\/2019\/03\/56cec-pytour2016-200x81.jpg 200w, https:\/\/aveon.ddns.net\/treport\/wp-content\/uploads\/2019\/03\/56cec-pytour2016-900x365.jpg 900w\" sizes=\"(max-width: 1039px) 100vw, 1039px\" \/><\/p>\n<p>10 Etappen, 12 Tage, 1100km und etwa 25000 hm sind die Bilanz dieser Route, in der ich die Pyren\u00e4en und meine F\u00e4higkeit und Freude f\u00fcr gro\u00dfe Touren entdeckte. Verglichen mit den Alpen sind die Pyren\u00e4en eher wild und unber\u00fchrt, kaum Tourismus, kaum Verkehr und sehr selten Motorradfahrer. Daf\u00fcr sind die Abfahrten nicht so steil und eng wie in den Alpen und meist \u00e4u\u00dferst \u00fcbersichtlich, was sie zu einem echten Erlebnis machen.<\/p>\n<p>Hier eine kleine Sammlung von Eindr\u00fccken<\/p>\n<p><\/p>\n<div id='gallery-1' class='gallery galleryid-1884 gallery-columns-3 gallery-size-thumbnail'><figure class='gallery-item'>\n\t\t\t<div class='gallery-icon landscape'>\n\t\t\t\t<a href='https:\/\/aveon.ddns.net\/treport\/wp-content\/uploads\/2019\/03\/20160911_120642-1.jpg'><img decoding=\"async\" width=\"150\" height=\"150\" src=\"https:\/\/aveon.ddns.net\/treport\/wp-content\/uploads\/2019\/03\/20160911_120642-1-150x150.jpg\" class=\"attachment-thumbnail size-thumbnail\" alt=\"\" loading=\"eager\" \/><\/a>\n\t\t\t<\/div><\/figure><figure class='gallery-item'>\n\t\t\t<div class='gallery-icon landscape'>\n\t\t\t\t<a href='https:\/\/aveon.ddns.net\/treport\/wp-content\/uploads\/2019\/03\/20160911_115319-2.jpg'><img decoding=\"async\" width=\"150\" height=\"150\" src=\"https:\/\/aveon.ddns.net\/treport\/wp-content\/uploads\/2019\/03\/20160911_115319-2-150x150.jpg\" class=\"attachment-thumbnail size-thumbnail\" alt=\"\" loading=\"eager\" \/><\/a>\n\t\t\t<\/div><\/figure><figure class='gallery-item'>\n\t\t\t<div class='gallery-icon landscape'>\n\t\t\t\t<a href='https:\/\/aveon.ddns.net\/treport\/wp-content\/uploads\/2019\/03\/20160909_162919-2.jpg'><img decoding=\"async\" width=\"150\" height=\"150\" src=\"https:\/\/aveon.ddns.net\/treport\/wp-content\/uploads\/2019\/03\/20160909_162919-2-150x150.jpg\" class=\"attachment-thumbnail size-thumbnail\" alt=\"\" loading=\"eager\" \/><\/a>\n\t\t\t<\/div><\/figure><figure class='gallery-item'>\n\t\t\t<div class='gallery-icon landscape'>\n\t\t\t\t<a href='https:\/\/aveon.ddns.net\/treport\/wp-content\/uploads\/2019\/03\/20160909_110818-2.jpg'><img decoding=\"async\" width=\"150\" height=\"150\" src=\"https:\/\/aveon.ddns.net\/treport\/wp-content\/uploads\/2019\/03\/20160909_110818-2-150x150.jpg\" class=\"attachment-thumbnail size-thumbnail\" alt=\"\" loading=\"eager\" \/><\/a>\n\t\t\t<\/div><\/figure><figure class='gallery-item'>\n\t\t\t<div class='gallery-icon landscape'>\n\t\t\t\t<a href='https:\/\/aveon.ddns.net\/treport\/wp-content\/uploads\/2019\/03\/20160908_150756-2.jpg'><img decoding=\"async\" width=\"150\" height=\"150\" src=\"https:\/\/aveon.ddns.net\/treport\/wp-content\/uploads\/2019\/03\/20160908_150756-2-150x150.jpg\" class=\"attachment-thumbnail size-thumbnail\" alt=\"\" loading=\"eager\" \/><\/a>\n\t\t\t<\/div><\/figure><figure class='gallery-item'>\n\t\t\t<div class='gallery-icon landscape'>\n\t\t\t\t<a href='https:\/\/aveon.ddns.net\/treport\/wp-content\/uploads\/2019\/03\/20160906_163653-1.jpg'><img decoding=\"async\" width=\"150\" height=\"150\" src=\"https:\/\/aveon.ddns.net\/treport\/wp-content\/uploads\/2019\/03\/20160906_163653-1-150x150.jpg\" class=\"attachment-thumbnail size-thumbnail\" alt=\"\" loading=\"eager\" \/><\/a>\n\t\t\t<\/div><\/figure><figure class='gallery-item'>\n\t\t\t<div class='gallery-icon landscape'>\n\t\t\t\t<a href='https:\/\/aveon.ddns.net\/treport\/wp-content\/uploads\/2019\/03\/20160906_155256.jpg'><img decoding=\"async\" width=\"150\" height=\"150\" src=\"https:\/\/aveon.ddns.net\/treport\/wp-content\/uploads\/2019\/03\/20160906_155256-150x150.jpg\" class=\"attachment-thumbnail size-thumbnail\" alt=\"\" loading=\"eager\" \/><\/a>\n\t\t\t<\/div><\/figure><figure class='gallery-item'>\n\t\t\t<div class='gallery-icon landscape'>\n\t\t\t\t<a href='https:\/\/aveon.ddns.net\/treport\/wp-content\/uploads\/2019\/03\/20160906_112902.jpg'><img decoding=\"async\" width=\"150\" height=\"150\" src=\"https:\/\/aveon.ddns.net\/treport\/wp-content\/uploads\/2019\/03\/20160906_112902-150x150.jpg\" class=\"attachment-thumbnail size-thumbnail\" alt=\"\" loading=\"eager\" \/><\/a>\n\t\t\t<\/div><\/figure><figure class='gallery-item'>\n\t\t\t<div class='gallery-icon landscape'>\n\t\t\t\t<a href='https:\/\/aveon.ddns.net\/treport\/wp-content\/uploads\/2019\/03\/20160905_164411-2.jpg'><img decoding=\"async\" width=\"150\" height=\"150\" src=\"https:\/\/aveon.ddns.net\/treport\/wp-content\/uploads\/2019\/03\/20160905_164411-2-150x150.jpg\" class=\"attachment-thumbnail size-thumbnail\" alt=\"\" loading=\"eager\" \/><\/a>\n\t\t\t<\/div><\/figure><figure class='gallery-item'>\n\t\t\t<div class='gallery-icon landscape'>\n\t\t\t\t<a href='https:\/\/aveon.ddns.net\/treport\/wp-content\/uploads\/2019\/03\/20160905_164044-1.jpg'><img decoding=\"async\" width=\"150\" height=\"150\" src=\"https:\/\/aveon.ddns.net\/treport\/wp-content\/uploads\/2019\/03\/20160905_164044-1-150x150.jpg\" class=\"attachment-thumbnail size-thumbnail\" alt=\"\" loading=\"eager\" \/><\/a>\n\t\t\t<\/div><\/figure><figure class='gallery-item'>\n\t\t\t<div class='gallery-icon landscape'>\n\t\t\t\t<a href='https:\/\/aveon.ddns.net\/treport\/wp-content\/uploads\/2019\/03\/20160909_110818-1.jpg'><img decoding=\"async\" width=\"150\" height=\"150\" src=\"https:\/\/aveon.ddns.net\/treport\/wp-content\/uploads\/2019\/03\/20160909_110818-1-150x150.jpg\" class=\"attachment-thumbnail size-thumbnail\" alt=\"\" loading=\"eager\" \/><\/a>\n\t\t\t<\/div><\/figure><figure class='gallery-item'>\n\t\t\t<div class='gallery-icon landscape'>\n\t\t\t\t<a href='https:\/\/aveon.ddns.net\/treport\/wp-content\/uploads\/2019\/03\/20160905_164416-1.jpg'><img decoding=\"async\" width=\"150\" height=\"150\" src=\"https:\/\/aveon.ddns.net\/treport\/wp-content\/uploads\/2019\/03\/20160905_164416-1-150x150.jpg\" class=\"attachment-thumbnail size-thumbnail\" alt=\"\" loading=\"eager\" \/><\/a>\n\t\t\t<\/div><\/figure><figure class='gallery-item'>\n\t\t\t<div class='gallery-icon landscape'>\n\t\t\t\t<a href='https:\/\/aveon.ddns.net\/treport\/wp-content\/uploads\/2019\/03\/20160909_162919.jpg'><img decoding=\"async\" width=\"150\" height=\"150\" src=\"https:\/\/aveon.ddns.net\/treport\/wp-content\/uploads\/2019\/03\/20160909_162919-150x150.jpg\" class=\"attachment-thumbnail size-thumbnail\" alt=\"\" loading=\"eager\" \/><\/a>\n\t\t\t<\/div><\/figure><figure class='gallery-item'>\n\t\t\t<div class='gallery-icon landscape'>\n\t\t\t\t<a href='https:\/\/aveon.ddns.net\/treport\/wp-content\/uploads\/2019\/03\/20160908_150756.jpg'><img decoding=\"async\" width=\"150\" height=\"150\" src=\"https:\/\/aveon.ddns.net\/treport\/wp-content\/uploads\/2019\/03\/20160908_150756-150x150.jpg\" class=\"attachment-thumbnail size-thumbnail\" alt=\"\" loading=\"eager\" \/><\/a>\n\t\t\t<\/div><\/figure><figure class='gallery-item'>\n\t\t\t<div class='gallery-icon landscape'>\n\t\t\t\t<a href='https:\/\/aveon.ddns.net\/treport\/wp-content\/uploads\/2019\/03\/20160906_163653.jpg'><img decoding=\"async\" width=\"150\" height=\"150\" src=\"https:\/\/aveon.ddns.net\/treport\/wp-content\/uploads\/2019\/03\/20160906_163653-150x150.jpg\" class=\"attachment-thumbnail size-thumbnail\" alt=\"\" loading=\"eager\" \/><\/a>\n\t\t\t<\/div><\/figure>\n\t\t<\/div>\n\n<p><\/p>\n<h3>Navigationsdaten zur Trans-Pyren\u00e4en-Tour aus meinem Garmin<\/h3>\n<p>Details zur Tour sind in den GPX Dateien enthalten, die hier in einem ZIP Ordner hinterlegt sind.<\/p>\n<p style=\"text-align: center;\"><a title=\"10-Etappen-Pyren\u00e4en-2016\" href=\"https:\/\/mytourdeforce.files.wordpress.com\/2019\/03\/10-etappen-pyrenc3a4en-2016.zip\">10-Etappen-Trans-Pyren\u00e4en-2016<\/a><\/p>\n<p><\/p>\n\n\n<h3 class=\"wp-block-heading\">Open Street Map \u00dcbersicht<\/h3>\n\n\n\n<p>Mit dem OpenStreetMap Routenbild k\u00f6nnen Sie die Karte auf den gesamten Bildschirm vergr\u00f6\u00dfern (Knopf oben rechts) und mit den +\/- Kn\u00f6pfen die Karte detailierter darstellen.<\/p>\n\n\n<link rel='stylesheet' id='all-css-422b7c04d6f06ef4bd675db78a2ada48' href='https:\/\/aveon.ddns.net\/treport\/wp-content\/boost-cache\/static\/c44b8b9445.min.css' type='text\/css' media='all' \/>\n<script type=\"text\/javascript\" src=\"https:\/\/aveon.ddns.net\/treport\/wp-includes\/js\/dist\/vendor\/wp-polyfill.min.js?ver=3.15.0\" id=\"wp-polyfill-js\"><\/script>\n<script type=\"text\/javascript\" src=\"https:\/\/aveon.ddns.net\/treport\/wp-content\/plugins\/osm\/js\/OL\/10.9.0\/ol.js?ver=10.9.0\" id=\"osm-ol3-library-js\"><\/script>\n<script type=\"text\/javascript\" src=\"https:\/\/aveon.ddns.net\/treport\/wp-content\/plugins\/osm\/js\/osm-v3-plugin-lib.js?ver=1.0.0\" id=\"osm-ol3-ext-library-js\"><\/script>\n<script type=\"text\/javascript\" src=\"https:\/\/aveon.ddns.net\/treport\/wp-content\/plugins\/osm\/js\/osm-metabox-events.js?ver=1.0.0\" id=\"osm-ol3-metabox-events-js\"><\/script>\n<script type=\"text\/javascript\" src=\"https:\/\/aveon.ddns.net\/treport\/wp-includes\/js\/jquery\/jquery.min.js?ver=3.7.1\" id=\"jquery-core-js\"><\/script>\n<script type=\"text\/javascript\" src=\"https:\/\/aveon.ddns.net\/treport\/wp-includes\/js\/jquery\/jquery-migrate.min.js?ver=3.4.1\" id=\"jquery-migrate-js\"><\/script>\n<script type=\"text\/javascript\" id=\"osm-map-startup-js-extra\">\n\/* <![CDATA[ *\/\nvar translations = {\"openlayer\":\"open layer\",\"openlayerAtStartup\":\"open layer at startup\",\"generateLink\":\"link to this map with opened layers\",\"shortDescription\":\"short description\",\"generatedShortCode\":\"to get a text control link paste this code in your wordpress editor\",\"closeLayer\":\"close layer\",\"cantGenerateLink\":\"put this string in the existing map short code to control this map\"};\n\/\/# sourceURL=osm-map-startup-js-extra\n\/* ]]> *\/\n<\/script>\n<script type=\"text\/javascript\" src=\"https:\/\/aveon.ddns.net\/treport\/wp-content\/plugins\/osm\/js\/osm-startup-lib.js?ver=V6.2.5\" id=\"osm-map-startup-js\"><\/script>\n\n        <div id=\"map_ol3js_1\"\n       class=\"osm-map-container undefined\"\n             data-map_name=\"undefined\"\n             data-map=\"map_ol3js_1\"\n             data-autoshow=\"no\"\n             style=\"width:100%;\n                    max-width:100%;\n                    height:450px;\n                    display:block;\n                    overflow:hidden;\n                    border:2px solid grey;\n                    position: relative;\">\n          <div id=\"map_ol3js_1_popup\" class=\"ol-popup\">\n            <a href=\"#\" id=\"map_ol3js_1_popup-closer\" class=\"ol-popup-closer\"><\/a>\n            <div id=\"map_ol3js_1_popup-content\"><\/div>\n          <\/div>\n        <\/div>\n    <script type=\"text\/javascript\">\n\t\t\t  vectorM['map_ol3js_1'] = [];\n\t        \n        var raster = getTileLayer(\"osm\",\"NoKey\");\t\t\t\n\n\t\t\t  var map_ol3js_1 = new ol.Map({\n\t\t\t\tinteractions: ol.interaction.defaults.defaults({mouseWheelZoom:false}),\n\t\t\t\tlayers: [raster],\n\t\t\t\ttarget: \"map_ol3js_1\",\n\t\t\t\tview: new ol.View({\n\t\t\t\t  center: ol.proj.transform([6.378,58.213], \"EPSG:4326\", \"EPSG:3857\"),\n\t\t\t\t  zoom: 9\n\t\t\t\t})\n\t\t\t  });\n\t\t\t  \n    var style_map_ol3js_1_0 = {\n      \"Point\": [new ol.style.Style({\n\n          image: new ol.style.Icon({\n            anchor: [0.5, 41],\n            anchorXUnits: \"fraction\",\n            anchorYUnits: \"pixels\",\n            opacity: 0.75,\n            src: \"https:\/\/aveon.ddns.net\/treport\/wp-content\/plugins\/osm\/icons\/mic_red_pinother_02.png\"\n          })\n      })],\n\n      \"LineString\": [new ol.style.Style({\n        stroke: new ol.style.Stroke({\n          color: \"red\",\n          width: 8\n        })\n      })],\n      \"MultiLineString\": [new ol.style.Style({\n        stroke: new ol.style.Stroke({\n          color: \"red\",\n          width: 4\n        })\n      })]\n    };\n\t\t  var vectorL0 = new ol.layer.Vector({\n\t\t\t\tsource: new ol.source.Vector({\n\t\t\t\turl:\"https:\/\/aveon.ddns.net\/treport\/wp-content\/uploads\/2021\/04\/Pyrenaeen-Tour-2016.gpx\",\n\t\t\t\tformat: new ol.format.GPX({\n\t\t\t\t\textractStyles: false\n\t\t\t\t})\n\t\t\t}),\n\t\t\tzIndex: 92,\n\t\t\tstyle: function(feature, resolution) {return style_map_ol3js_1_0[feature.getGeometry().getType()];}\n\t\t  });\n\t\t  map_ol3js_1.addLayer(vectorL0);\n      var extension1 = ol.extent.createEmpty();\n      var curZoom1 = map_ol3js_1.getView().getZoom();\n\n      map_ol3js_1.getLayers().forEach(function(layer){\n         if(!layer.get(\"id\")) {     \n            layer.once(\"change\", function(e){\n               ol.extent.extend(extension1, (layer.getSource().getExtent()));\n               map_ol3js_1.getView().fit(extension1, {padding: [50, 50, 50, 50]});\n            });\n         }\n      });\n\n    \naddControls2Map(map_ol3js_1,0,0,3,1,5,6,7,1,1);\nosm_addPopupClickhandler(map_ol3js_1,  \"map_ol3js_1\"); \nosm_addMouseHover(map_ol3js_1); <\/script>\n","protected":false},"excerpt":{"rendered":"<p>Vom Atlantik zum Mittelmeer. 10 Etappen, 12 Tage, 1100km und etwa 25000 hm sind die Bilanz dieser Route, in der ich die Pyren\u00e4en und meine F\u00e4higkeit und Freude f\u00fcr gro\u00dfe Touren entdeckte. Verglichen mit den Alpen sind die Pyren\u00e4en eher wild und unber\u00fchrt, kaum Tourismus, kaum Verkehr und sehr selten Motorradfahrer. Daf\u00fcr sind die Abfahrten&hellip;<\/p>\n","protected":false},"author":1,"featured_media":0,"parent":0,"menu_order":0,"comment_status":"closed","ping_status":"closed","template":"","meta":{"footnotes":""},"class_list":["post-1884","page","type-page","status-publish","hentry"],"jetpack_sharing_enabled":false,"_links":{"self":[{"href":"https:\/\/aveon.ddns.net\/treport\/index.php\/wp-json\/wp\/v2\/pages\/1884","targetHints":{"allow":["GET"]}}],"collection":[{"href":"https:\/\/aveon.ddns.net\/treport\/index.php\/wp-json\/wp\/v2\/pages"}],"about":[{"href":"https:\/\/aveon.ddns.net\/treport\/index.php\/wp-json\/wp\/v2\/types\/page"}],"author":[{"embeddable":true,"href":"https:\/\/aveon.ddns.net\/treport\/index.php\/wp-json\/wp\/v2\/users\/1"}],"replies":[{"embeddable":true,"href":"https:\/\/aveon.ddns.net\/treport\/index.php\/wp-json\/wp\/v2\/comments?post=1884"}],"version-history":[{"count":0,"href":"https:\/\/aveon.ddns.net\/treport\/index.php\/wp-json\/wp\/v2\/pages\/1884\/revisions"}],"wp:attachment":[{"href":"https:\/\/aveon.ddns.net\/treport\/index.php\/wp-json\/wp\/v2\/media?parent=1884"}],"curies":[{"name":"wp","href":"https:\/\/api.w.org\/{rel}","templated":true}]}}