

{"id":2198,"date":"2019-02-11T15:18:29","date_gmt":"2019-02-11T15:18:29","guid":{"rendered":"https:\/\/www.aveonalpha.com\/tourreport\/?page_id=1882"},"modified":"2021-04-15T20:22:31","modified_gmt":"2021-04-15T18:22:31","slug":"route-de-france-2019-2","status":"publish","type":"page","link":"https:\/\/aveon.ddns.net\/treport\/index.php\/route-de-france-2019-2\/","title":{"rendered":"Route de France 2019"},"content":{"rendered":"<h3 style=\"text-align: center;\">Eine Grand Tour, 3 Wochen, 20 Etappen, 3&#8217;300km.<\/h3>\n<p>Vom 16. Juni bis 7. Juli folgen wir den 20 Etappen der Tour de France des Jahres 1972. Wir denken, das ist die beste zusammenh\u00e4ngende Schleife, die uns \u00fcber die klassischen Strecken und ber\u00fchmten Berge f\u00fchrt, ohne aufwendige Transferfahrten. Man k\u00f6nnte auch sagen: <strong><a href=\"https:\/\/de.wikipedia.org\/wiki\/Tour_de_France_1972\">Auf den Spuren von Eddy Mercks.<\/a><\/strong><\/p>\n<p><img decoding=\"async\" class=\"alignnone size-full wp-image-1964\" src=\"https:\/\/mytourdeforce.files.wordpress.com\/2019\/02\/79e23-rdf-2019-total.jpg\" alt=\"RdF-2019-total\" width=\"897\" height=\"910\" srcset=\"https:\/\/aveon.ddns.net\/treport\/wp-content\/uploads\/2019\/02\/79e23-rdf-2019-total.jpg 897w, https:\/\/aveon.ddns.net\/treport\/wp-content\/uploads\/2019\/02\/79e23-rdf-2019-total-296x300.jpg 296w, https:\/\/aveon.ddns.net\/treport\/wp-content\/uploads\/2019\/02\/79e23-rdf-2019-total-768x779.jpg 768w, https:\/\/aveon.ddns.net\/treport\/wp-content\/uploads\/2019\/02\/79e23-rdf-2019-total-197x200.jpg 197w, https:\/\/aveon.ddns.net\/treport\/wp-content\/uploads\/2019\/02\/79e23-rdf-2019-total-591x600.jpg 591w\" sizes=\"(max-width: 897px) 100vw, 897px\" \/><\/p>\n<p>Das ist nun eine echte Schleife &#8211; Le Loop &#8211; wie die Tour in Frankreich genannt wird. Die erste Woche an der Atlantikk\u00fcste, am Golf von Biskaya hinunter zu den Pyren\u00e4en, die zweite Woche weiter \u00fcber die legend\u00e4ren Pyren\u00e4enp\u00e4sse (Col du Marie Blanche, Col du Aspique, Col du Turmalet, Col du Aspin, &#8230;) hin\u00fcber in die Provence, \u00fcber den Mont Ventoux zu den Seealpen und die dritte Woche in den Haute Savoyen, Haute Alpes \u00a0(Col du Galibier, Col du Telegraph, Col du Isoard) nach Paris.<\/p>\n<h3>Warum nun eine alte Tour und nicht die aktuelle des Jahres 2019?<\/h3>\n<p>Aus der Tour de Force des Jahres 2017 sind nat\u00fcrlich noch Kontakte bestehen geblieben und wir hatten immer im Kopf nochmal eine Grand Tour, eine 3-Wochen-Tour zu fahren. Denn es sind die 3 Wochen, die das Abenteuer so speziell machen. Da wir die Frankreichrundfahrt schon absolviert hatten, sollte es eher eine La Vuelta Espania oder der Giro d&#8217;Italia sein. Leider fanden wir, trotz ausgedehnter Suche, keine Veranstalter, die das stemmen konnten oder wollten. So zogen wir schon in Betracht eine Tour selbst zu organisieren. Schlie\u00dflich fragten wir Veranstalter, die \u00fcber das Know How und die Kapazit\u00e4ten verf\u00fcgen, ob sie nicht eine Tour f\u00fcr uns ausrichten wollen. F\u00fcr die Kunden, die weiteren Fahrer w\u00fcrden wir sorgen, damit ein gutes Peloton zusammenkommt. Und so ist nun diese Schleife zustande gekommen und wenn das gut geht, werden wir das Konzept im n\u00e4chsten Jahr f\u00fcr die Spanienrundfahrt verwenden.<\/p>\n<h3>\u00c4nderungen und Herausforderungen zur Tour von 2017<\/h3>\n<ul>\n<li><strong>Markierungen<\/strong> &#8211; Diesmal werden wir ohne Pfeile auskommen m\u00fcssen. Bei der Tour de Force 2017 war die Strecke perfekt mit schwarzen Pfeilen auf gelbem Hintergrund markiert und wir fanden spielend den Weg. Diesmal gibt es nicht so viele ehrenamtliche Helfer, die um 5 Uhr morgens die Pfeile setzen und abends wieder einsammeln. Wir fahren diesmal mit Routing-Ger\u00e4ten, z.B. Garmin, und vorher definierte GPX Routen. Bei l\u00e4ngeren Strecken werden wir hier Stromprobleme bekommen, also geladene Powerbanks nicht vergessen. Die GPX- Daten bekamen wir schon vorab und ich muss sagen, sehr akkurat erstellt mit ca. 3000 Wegpunkten pro Etappe, was mich zuversichtlich stimmt.<\/li>\n<li><strong>Wetter<\/strong> &#8211; Diese Tour findet etwa 4 Wochen fr\u00fcher statt. Wir werden evtl. am Atlantik mit heftigem Wind und besonders in den Alpen mit kaltem, st\u00fcrmischem Wetter zu tun haben. Hoffentlich regnet es nicht wieder eine Woche lang, wie bei der Tour 2017.<\/li>\n<li><strong>Peloton<\/strong> &#8211; Stand heute (M\u00e4r&#8217;19) sind es 16 Fahrer &#8211; englisch &#8222;Lifers&#8220; &#8211; die die gesamte Tour, die ganzen 3 Wochen dabei sind. Dazu kommen noch einmal 14-20 Fahrer, die einzelne Abschnitte &#8211; ab Ruhetag &#8211; mitfahren werden. Das ist diesmal kein 200ter Fahrerfeld, daf\u00fcr bietet es mehr Support f\u00fcr den Einzelnen.<\/li>\n<\/ul>\n<h3>Die erste Woche &#8211; vom Atlantik zu den Pyren\u00e4en<\/h3>\n<p><img decoding=\"async\" class=\" size-full wp-image-2241 alignleft\" src=\"https:\/\/mytourdeforce.files.wordpress.com\/2019\/03\/rdf-week-1.jpg\" alt=\"RdF-week-1\" width=\"411\" height=\"652\" srcset=\"https:\/\/aveon.ddns.net\/treport\/wp-content\/uploads\/2019\/03\/rdf-week-1.jpg 411w, https:\/\/aveon.ddns.net\/treport\/wp-content\/uploads\/2019\/03\/rdf-week-1-189x300.jpg 189w, https:\/\/aveon.ddns.net\/treport\/wp-content\/uploads\/2019\/03\/rdf-week-1-126x200.jpg 126w, https:\/\/aveon.ddns.net\/treport\/wp-content\/uploads\/2019\/03\/rdf-week-1-378x600.jpg 378w\" sizes=\"(max-width: 411px) 100vw, 411px\" \/><\/p>\n<p>Typischer Start mit Flachetappen an der Atlantikk\u00fcste hinunter nach Spanien und dann hinein in die Pyren\u00e4en.<\/p>\n<p>Kann mir denken, dass hier um die Jahreszeit noch heftiger Wind hineinwehen kann.<\/p>\n<p>Ansonsten freue ich mich drauf diesen Streifen Landschaft kennenzulernen, wenngleich wir in Bordeaux die Weinproben sausen lassen m\u00fcssen. Einzig schade, dass wir um La Rochele herumfahren.<\/p>\n<p>Am Ende der ersten Woche gehts dann aber in die wunderbaren Pyren\u00e4en mit zun\u00e4chst leichten Anstiegen und wo wir nach 6 Etappen bereits den ersten Ruhetag in Eaux Bonnes haben werden. Dieses verlassene ehemalige Kurst\u00e4dtchen kenne ich noch von der Pyren\u00e4entour.<\/p>\n<h3>Die zweite Woche &#8211; Transpyren\u00e4en in die Provence<\/h3>\n<p><img decoding=\"async\" class=\"alignnone size-full wp-image-2232\" src=\"https:\/\/mytourdeforce.files.wordpress.com\/2019\/03\/rdf-woche-2.jpg\" alt=\"RdF-Woche-2\" width=\"1052\" height=\"388\" srcset=\"https:\/\/aveon.ddns.net\/treport\/wp-content\/uploads\/2019\/03\/rdf-woche-2.jpg 1052w, https:\/\/aveon.ddns.net\/treport\/wp-content\/uploads\/2019\/03\/rdf-woche-2-300x111.jpg 300w, https:\/\/aveon.ddns.net\/treport\/wp-content\/uploads\/2019\/03\/rdf-woche-2-1024x378.jpg 1024w, https:\/\/aveon.ddns.net\/treport\/wp-content\/uploads\/2019\/03\/rdf-woche-2-768x283.jpg 768w, https:\/\/aveon.ddns.net\/treport\/wp-content\/uploads\/2019\/03\/rdf-woche-2-200x74.jpg 200w, https:\/\/aveon.ddns.net\/treport\/wp-content\/uploads\/2019\/03\/rdf-woche-2-900x332.jpg 900w\" sizes=\"(max-width: 1052px) 100vw, 1052px\" \/><\/p>\n<p>Jetzt wird\u2019s ernst. Direkt nach dem Ruhetag kommt die vielleicht schwerste Strecke dieser Tour, es sind gleich 5 Berge zu bezwingen. Ja an einem einzigen Tag fahren wir die Strecke \u00fcber den Col d&#8217;Aubisque (1709m), Col du Soulor (1474m), Col du Tourmalet (2115m), Col\u00a0d&#8217;Aspin (1489m) und den Col de Peyresourde\u00a0(1569m). Da ich aber exakt die gleiche Strecke mit Ausnahme des letzten Berges schon 2016 gefahren bin, schreckt mich das nicht so, au\u00dfer es regnet wieder und wird kalt am Tourmalet.<\/p>\n<p>Bis zum n\u00e4chsten Ruhetag in Capentiras sind dann nur noch ein paar Col&#8217;s zu \u00fcberqueren und die Reise geht in die sommerliche Provence hinein.<\/p>\n<h3>Der dritte Teil &#8211; Haute Alpes nach Paris<\/h3>\n<p>Damit nicht genug, diesmal scheint mir die 3 Woche die anspruchsvollste zu werden. Wir haben nun 6 Etappen mit heftigen und hohen Anstiegen vor uns, die ich hier gar nicht aufz\u00e4hlen will, sonst wird mir noch bange. Wir sprechen hier vom Col du Galibier (2642m) und Col du Isoard (2405m) als Highlights. Aber die beiden sind wir ja bei der Tour 2017 schon gefahren und habe es auch \u00fcberlebt &#8230;<\/p>\n<p><img decoding=\"async\" class=\"alignnone size-full wp-image-2230\" src=\"https:\/\/mytourdeforce.files.wordpress.com\/2019\/03\/rdf-woche-3.jpg\" alt=\"RdF-Woche-3\" width=\"540\" height=\"724\" srcset=\"https:\/\/aveon.ddns.net\/treport\/wp-content\/uploads\/2019\/03\/rdf-woche-3.jpg 540w, https:\/\/aveon.ddns.net\/treport\/wp-content\/uploads\/2019\/03\/rdf-woche-3-224x300.jpg 224w, https:\/\/aveon.ddns.net\/treport\/wp-content\/uploads\/2019\/03\/rdf-woche-3-149x200.jpg 149w, https:\/\/aveon.ddns.net\/treport\/wp-content\/uploads\/2019\/03\/rdf-woche-3-448x600.jpg 448w\" sizes=\"(max-width: 540px) 100vw, 540px\" \/><\/p>\n<h3>Navigationsdaten der Route de France 2019<\/h3>\n<p>Hier ein Download Link zu einem ZIP Ordner der die GPX Daten enth\u00e4lt.<\/p>\n<p style=\"text-align: center;\"><strong><a title=\"20-Etappen-Route-de-France-2019\" href=\"https:\/\/mytourdeforce.files.wordpress.com\/2019\/03\/20-etappen-route-de-france-2019.zip\">20-Etappen-Route-de-France-2019<\/a><\/strong><\/p>\n<p>Die Dateien sind nicht nur f\u00fcr Navigationsger\u00e4te, wie Garmin &amp; Co, sondern auch f\u00fcr Google Earth, Maps oder andere Kartenprogramme geeignet, wenn jemand also genau nachsehen will wo wir gerade unterwegs sind ist das hier die Quelle.<\/p>\n<h3>Die Streckenf\u00fchrung der Tour de France des Jahres 1972<\/h3>\n<figure id=\"attachment_2589\" aria-describedby=\"caption-attachment-2589\" style=\"width: 650px\" class=\"wp-caption alignnone\"><img decoding=\"async\" class=\"alignnone  wp-image-2589\" src=\"https:\/\/mytourdeforce.files.wordpress.com\/2019\/04\/1972.png\" alt=\"1972.png\" width=\"650\" height=\"652\" srcset=\"https:\/\/aveon.ddns.net\/treport\/wp-content\/uploads\/2019\/04\/1972.png 360w, https:\/\/aveon.ddns.net\/treport\/wp-content\/uploads\/2019\/04\/1972-300x300.png 300w, https:\/\/aveon.ddns.net\/treport\/wp-content\/uploads\/2019\/04\/1972-150x150.png 150w, https:\/\/aveon.ddns.net\/treport\/wp-content\/uploads\/2019\/04\/1972-200x200.png 200w\" sizes=\"(max-width: 650px) 100vw, 650px\" \/><figcaption id=\"caption-attachment-2589\" class=\"wp-caption-text\">TdF 1972<\/figcaption><\/figure>\n\n\n<h3 class=\"wp-block-heading\">OpenStreetMap \u00dcbersicht<\/h3>\n\n\n\n        <div id=\"map_ol3js_1\"\n             class=\"map undefined\"\n             data-map_name=\"undefined\"\n             data-map=\"map_ol3js_1\"\n             style=\"width:100%;\n                    max-width:100%;\n                    height:450px;\n                    display:block;\n                    overflow:hidden;\n                    border:2px solid grey;\">\n          <div id=\"map_ol3js_1_popup\" class=\"ol-popup\">\n            <a href=\"#\" id=\"map_ol3js_1_popup-closer\" class=\"ol-popup-closer\"><\/a>\n            <div id=\"map_ol3js_1_popup-content\"><\/div>\n          <\/div>\n        <\/div>\n    \n\n\t\t\t\t<script type=\"text\/javascript\">\n\t\t\t\t\ttranslations['openlayer'] = \"open layer\";\n\t\t\t\t\ttranslations['openlayerAtStartup'] = \"open layer at startup\";\n\t\t\t\t\ttranslations['generateLink'] = \"link to this map with opened layers\";\n\t\t\t\t\ttranslations['shortDescription'] = \"short description\";\n\t\t\t\t\ttranslations['generatedShortCode'] = \"to get a text control link paste this code in your wordpress editor\";\n\t\t\t\t\ttranslations['closeLayer'] = \"close layer\";\n\t\t\t\t\ttranslations['cantGenerateLink'] = \"put this string in the existing map short code to control this map\";\n\t\t\t  <\/script>\n\n\n\t\t\t  <script type=\"text\/javascript\">\n\t\t\t  vectorM['map_ol3js_1'] = [];\n\t        \n        var raster = getTileLayer(\"osm\",\"NoKey\");\t\t\t\n\n\t\t\t  var map_ol3js_1 = new ol.Map({\n\t\t\t\tinteractions: ol.interaction.defaults.defaults({mouseWheelZoom:false}),\n\t\t\t\tlayers: [raster],\n\t\t\t\ttarget: \"map_ol3js_1\",\n\t\t\t\tview: new ol.View({\n\t\t\t\t  center: ol.proj.transform([6.378,58.213], \"EPSG:4326\", \"EPSG:3857\"),\n\t\t\t\t  zoom: 9\n\t\t\t\t})\n\t\t\t  });\n\t\t\t  \n    var style0 = {\n      \"Point\": [new ol.style.Style({\n\n          image: new ol.style.Icon({\n            anchor: [0.5, 41],\n            anchorXUnits: \"fraction\",\n            anchorYUnits: \"pixels\",\n            opacity: 0.75,\n            src: \"https:\/\/aveon.ddns.net\/treport\/wp-content\/plugins\/osm\/icons\/mic_blue_pinother_02.png\"\n          })\n      })],\n\n      \"LineString\": [new ol.style.Style({\n        stroke: new ol.style.Stroke({\n          color: \"none\",\n          width: 8\n        })\n      })],\n      \"MultiLineString\": [new ol.style.Style({\n        stroke: new ol.style.Stroke({\n          color: \"none\",\n          width: 4\n        })\n      })]\n    };\n\t\t  var vectorL0 = new ol.layer.Vector({\n\t\t\t\tsource: new ol.source.Vector({\n\t\t\t\turl:\"https:\/\/aveon.ddns.net\/treport\/wp-content\/uploads\/2021\/04\/RdF2016.gpx\",\n\t\t\t\tformat: new ol.format.GPX({\n\t\t\t\t\textractStyles: false\n\t\t\t\t})\n\t\t\t}),\n\t\t\tzIndex: 92,\n\t\t\tstyle: function(feature, resolution) {return style0[feature.getGeometry().getType()];}\n\t\t  });\n\t\t  map_ol3js_1.addLayer(vectorL0);\n      var extension1 = ol.extent.createEmpty();\n      var curZoom1 = map_ol3js_1.getView().getZoom();\n\n      map_ol3js_1.getLayers().forEach(function(layer){\n         if(!layer.get(\"id\")) {     \n            layer.once(\"change\", function(e){\n               ol.extent.extend(extension1, (layer.getSource().getExtent()));\n               map_ol3js_1.getView().fit(extension1, {padding: [50, 50, 50, 50]});\n            });\n         }\n      });\n\n    \naddControls2Map(map_ol3js_1,0,0,3,1,5,6,7,1,1);\nosm_addPopupClickhandler(map_ol3js_1,  \"map_ol3js_1\"); \nosm_addMouseHover(map_ol3js_1); <\/script>\n","protected":false},"excerpt":{"rendered":"<p>Eine Grand Tour, 3 Wochen, 20 Etappen, 3&#8217;300km. Vom 16. Juni bis 7. Juli folgen wir den 20 Etappen der Tour de France des Jahres 1972. Wir denken, das ist die beste zusammenh\u00e4ngende Schleife, die uns \u00fcber die klassischen Strecken und ber\u00fchmten Berge f\u00fchrt, ohne aufwendige Transferfahrten. Man k\u00f6nnte auch sagen: Auf den Spuren von&hellip;<\/p>\n","protected":false},"author":1,"featured_media":0,"parent":0,"menu_order":0,"comment_status":"closed","ping_status":"closed","template":"","meta":{"footnotes":""},"class_list":["post-2198","page","type-page","status-publish","hentry"],"jetpack_sharing_enabled":false,"_links":{"self":[{"href":"https:\/\/aveon.ddns.net\/treport\/index.php\/wp-json\/wp\/v2\/pages\/2198","targetHints":{"allow":["GET"]}}],"collection":[{"href":"https:\/\/aveon.ddns.net\/treport\/index.php\/wp-json\/wp\/v2\/pages"}],"about":[{"href":"https:\/\/aveon.ddns.net\/treport\/index.php\/wp-json\/wp\/v2\/types\/page"}],"author":[{"embeddable":true,"href":"https:\/\/aveon.ddns.net\/treport\/index.php\/wp-json\/wp\/v2\/users\/1"}],"replies":[{"embeddable":true,"href":"https:\/\/aveon.ddns.net\/treport\/index.php\/wp-json\/wp\/v2\/comments?post=2198"}],"version-history":[{"count":0,"href":"https:\/\/aveon.ddns.net\/treport\/index.php\/wp-json\/wp\/v2\/pages\/2198\/revisions"}],"wp:attachment":[{"href":"https:\/\/aveon.ddns.net\/treport\/index.php\/wp-json\/wp\/v2\/media?parent=2198"}],"curies":[{"name":"wp","href":"https:\/\/api.w.org\/{rel}","templated":true}]}}