{"id":572,"date":"2017-06-18T07:12:28","date_gmt":"2017-06-18T08:12:28","guid":{"rendered":"https:\/\/mytourdeforce.wordpress.com\/charity\/"},"modified":"2017-06-18T07:12:28","modified_gmt":"2017-06-18T08:12:28","slug":"charity","status":"publish","type":"page","link":"https:\/\/aveon.ddns.net\/treport\/index.php\/charity\/","title":{"rendered":"Die Charity"},"content":{"rendered":"<p>Die Geschichte ist kurz erz\u00e4hlt. Die Familie Waits hat ihren Sohn William verloren, der auf einer S\u00fcdamerikareise ums Leben gekommen ist. Da William sich immer um andere gek\u00fcmmert hat, gr\u00fcndeten sie kurzerhand den William Waits Memorial Trust (<a href=\"http:\/\/www.wwmt.org\/\" target=\"_blank\" rel=\"noopener noreferrer\">WWMT.org<\/a>) , um ihn in Erinnerung zu behalten. Der Trust k\u00fcmmert sich, wie William, darum benachteiligte Jugendlichen zu unterst\u00fctzen,\u00a0\u00a0ihre Potentiale zu entdecken und entwickeln, damit sie nicht sozial abgleiten.<\/p>\n<p><a href=\"http:\/\/www.wwmt.org\/\"><img decoding=\"async\" class=\" size-full wp-image-454 alignleft\" src=\"https:\/\/mytourdeforce.files.wordpress.com\/2017\/06\/wwmt-side-bar-button-shrunk.jpg\" alt=\"WWMT-side-bar-button-shrunk\" width=\"250\" height=\"192\" srcset=\"https:\/\/aveon.ddns.net\/treport\/wp-content\/uploads\/2017\/06\/wwmt-side-bar-button-shrunk.jpg 250w, https:\/\/aveon.ddns.net\/treport\/wp-content\/uploads\/2017\/06\/wwmt-side-bar-button-shrunk-200x154.jpg 200w\" sizes=\"(max-width: 250px) 100vw, 250px\" \/><br \/>\n<\/a><\/p>\n<p>Inzwischen ist aus der unspr\u00fcnglichen Idee etwas gr\u00f6sseres geworden. Bis heute hat der Trust\u00a02.500.000 \u00a3 akquiriert, j\u00e4hrlich sollen weitere 500.000 \u00a3 erzielt werden.\u00a0 Die Tour de Force ist seit 2012 Unterst\u00fctzer des WWMT. Hier sind die Details der <a href=\"https:\/\/www.tourdeforce.org.uk\/charity\/\">Tour de Force Charity<\/a>.<\/p>\n<p>&nbsp;<\/p>\n<p><img decoding=\"async\" class=\" size-full wp-image-620 alignleft\" src=\"https:\/\/mytourdeforce.files.wordpress.com\/2017\/06\/virgin.jpg\" alt=\"virgin\" width=\"182\" height=\"59\" \/><\/p>\n<p>&nbsp;<\/p>\n<p>&nbsp;<\/p>\n<p>Ihr habt mich bislang so grossartig unterst\u00fctzt, dass wir nun schon \u00fcber\u00a02.000 \u00a3 eingesammelt haben. Den aktuellen <strong>Stand der Aktion<\/strong> findet ihr auf meiner<span style=\"color:#ff0000;\"><strong> <a style=\"color:#ff0000;\" href=\"http:\/\/uk.virginmoneygiving.com\/fundraiser-web\/fundraiser\/showFundraiserProfilePage.action?userUrl=RolandSedlmeier\" target=\"_blank\" rel=\"noopener noreferrer\">Spendenseite.\u00a0<\/a><\/strong><\/span><\/p>\n<p>Man hat mir versichert, dass alle Spenden zu 100% an den WWMT fliessen und keinerlei Geb\u00fchren erhoben werden, das garantiert Virgin Money Giving. Richard Brandson garantiert das pers\u00f6nlich.<\/p>\n<p>Nocheinmal ganz herzlichen Dank f\u00fcr eure Unterst\u00fctzung.<\/p>\n","protected":false},"excerpt":{"rendered":"<p>Die Geschichte ist kurz erz\u00e4hlt. Die Familie Waits hat ihren Sohn William verloren, der auf einer S\u00fcdamerikareise ums Leben gekommen ist. Da William sich immer um andere gek\u00fcmmert hat, gr\u00fcndeten sie kurzerhand den William Waits Memorial Trust (WWMT.org) , um ihn in Erinnerung zu behalten. Der Trust k\u00fcmmert sich, wie William, darum benachteiligte Jugendlichen zu&hellip;<\/p>\n","protected":false},"author":1,"featured_media":0,"parent":0,"menu_order":0,"comment_status":"closed","ping_status":"closed","template":"","meta":{"footnotes":""},"class_list":["post-572","page","type-page","status-publish","hentry"],"jetpack_sharing_enabled":false,"_links":{"self":[{"href":"https:\/\/aveon.ddns.net\/treport\/index.php\/wp-json\/wp\/v2\/pages\/572","targetHints":{"allow":["GET"]}}],"collection":[{"href":"https:\/\/aveon.ddns.net\/treport\/index.php\/wp-json\/wp\/v2\/pages"}],"about":[{"href":"https:\/\/aveon.ddns.net\/treport\/index.php\/wp-json\/wp\/v2\/types\/page"}],"author":[{"embeddable":true,"href":"https:\/\/aveon.ddns.net\/treport\/index.php\/wp-json\/wp\/v2\/users\/1"}],"replies":[{"embeddable":true,"href":"https:\/\/aveon.ddns.net\/treport\/index.php\/wp-json\/wp\/v2\/comments?post=572"}],"version-history":[{"count":0,"href":"https:\/\/aveon.ddns.net\/treport\/index.php\/wp-json\/wp\/v2\/pages\/572\/revisions"}],"wp:attachment":[{"href":"https:\/\/aveon.ddns.net\/treport\/index.php\/wp-json\/wp\/v2\/media?parent=572"}],"curies":[{"name":"wp","href":"https:\/\/api.w.org\/{rel}","templated":true}]}}